{"id":21219,"date":"2025-09-15T14:53:26","date_gmt":"2025-09-15T12:53:26","guid":{"rendered":"https:\/\/vestina.eu\/?post_type=product&#038;p=21219"},"modified":"2025-09-19T13:34:05","modified_gmt":"2025-09-19T11:34:05","slug":"solarni-lampion-vestina-flora-crvena-1000-dana-3","status":"publish","type":"product","link":"https:\/\/vestina.eu\/hr\/product\/solarni-lampion-vestina-flora-crvena-1000-dana-3\/","title":{"rendered":"Solarni lampion Vestina Flora &#8211; crvena duga &#8211; 1000 dana"},"content":{"rendered":"<p>[et_pb_section fb_built=&#8221;1&#8243; admin_label=&#8221;section&#8221; _builder_version=&#8221;4.16&#8243; da_disable_devices=&#8221;off|off|off&#8221; global_colors_info=&#8221;{}&#8221; da_is_popup=&#8221;off&#8221; da_exit_intent=&#8221;off&#8221; da_has_close=&#8221;on&#8221; da_alt_close=&#8221;off&#8221; da_dark_close=&#8221;off&#8221; da_not_modal=&#8221;on&#8221; da_is_singular=&#8221;off&#8221; da_with_loader=&#8221;off&#8221; da_has_shadow=&#8221;on&#8221;][et_pb_row admin_label=&#8221;<\/p>\n<p>row<\/p>\n<p>&#8221; _builder_version=&#8221;4.16&#8243; background_size=&#8221;initial&#8221; background_position=&#8221;top_left&#8221; background_repeat=&#8221;repeat&#8221; global_colors_info=&#8221;{}&#8221;][et_pb_column type=&#8221;4_4&#8243; _builder_version=&#8221;4.16&#8243; custom_padding=&#8221;|||&#8221; global_colors_info=&#8221;{}&#8221; custom_padding__hover=&#8221;|||&#8221;][\/et_pb_column][\/et_pb_row][\/et_pb_section]<\/p>\n<span class=\"et_bloom_bottom_trigger\"><\/span>","protected":false},"excerpt":{"rendered":"<p>ZNA\u010cAJKE:<\/p>\n<ul>\n<li>Boja: crvena<\/li>\n<li>Materijal: staklo<\/li>\n<li>Oblik: staklo s cvije\u0107em i efektom duge<\/li>\n<li>Dimenzija (\u0160 x G x V): 140 x 140 x 160 mm<\/li>\n<li>Du\u017eina gorenja: 1000 dana<\/li>\n<\/ul>\n<p>OPIS<\/p>\n<ul>\n<li>uz pravilnu uporabu gori do 1000 dana, danju i no\u0107u<\/li>\n<li>radi pomo\u0107u sun\u010deve energije, \u0161to omogu\u0107uje velika solarna povr\u0161ina<\/li>\n<li>ekolo\u0161ka je i ekonomi\u010dna<\/li>\n<li>otporna na vodu, vlagu i vjetar<\/li>\n<li>stakleno ku\u0107i\u0161te osigurava dodatnu te\u017einu<\/li>\n<li>proizvedeno u Sloveniji<\/li>\n<\/ul>\n","protected":false},"featured_media":21236,"comment_status":"open","ping_status":"closed","template":"","meta":{"_et_pb_use_builder":"on","_et_pb_old_content":"<h6 style=\"text-align: center\">Najni\u017eja cena v zadnjih 30 dneh: 20,49 \u20ac<\/h6>","_et_gb_content_width":""},"product_brand":[],"product_cat":[151,147,143],"product_tag":[169,166,168,167,165],"class_list":{"0":"post-21219","1":"product","2":"type-product","3":"status-publish","4":"has-post-thumbnail","6":"product_cat-novi-proizvodi","7":"product_cat-solarne-svijece","8":"product_cat-svecehr","9":"product_tag-ekoloska-svijeca","10":"product_tag-solarna-svijeca","11":"product_tag-svijeca-za-groblje","12":"product_tag-svijece-vestina","13":"product_tag-vestina-solar-hr","15":"first","16":"instock","17":"taxable","18":"shipping-taxable","19":"purchasable","20":"product-type-simple"},"_links":{"self":[{"href":"https:\/\/vestina.eu\/hr\/wp-json\/wp\/v2\/product\/21219","targetHints":{"allow":["GET"]}}],"collection":[{"href":"https:\/\/vestina.eu\/hr\/wp-json\/wp\/v2\/product"}],"about":[{"href":"https:\/\/vestina.eu\/hr\/wp-json\/wp\/v2\/types\/product"}],"replies":[{"embeddable":true,"href":"https:\/\/vestina.eu\/hr\/wp-json\/wp\/v2\/comments?post=21219"}],"wp:featuredmedia":[{"embeddable":true,"href":"https:\/\/vestina.eu\/hr\/wp-json\/wp\/v2\/media\/21236"}],"wp:attachment":[{"href":"https:\/\/vestina.eu\/hr\/wp-json\/wp\/v2\/media?parent=21219"}],"wp:term":[{"taxonomy":"product_brand","embeddable":true,"href":"https:\/\/vestina.eu\/hr\/wp-json\/wp\/v2\/product_brand?post=21219"},{"taxonomy":"product_cat","embeddable":true,"href":"https:\/\/vestina.eu\/hr\/wp-json\/wp\/v2\/product_cat?post=21219"},{"taxonomy":"product_tag","embeddable":true,"href":"https:\/\/vestina.eu\/hr\/wp-json\/wp\/v2\/product_tag?post=21219"}],"curies":[{"name":"wp","href":"https:\/\/api.w.org\/{rel}","templated":true}]}}