{"id":6153,"date":"2021-02-03T15:54:09","date_gmt":"2021-02-03T13:54:09","guid":{"rendered":"https:\/\/vestina.eu\/kupon-za-popust-vestina\/"},"modified":"2021-03-11T11:10:15","modified_gmt":"2021-03-11T09:10:15","slug":"kupon-za-popust-vestina","status":"publish","type":"page","link":"https:\/\/vestina.eu\/hr\/kupon-za-popust-vestina\/","title":{"rendered":"Vestina kupon za popust"},"content":{"rendered":"<p>[et_pb_section fb_built=&#8221;1&#8243; _builder_version=&#8221;4.7.7&#8243; _module_preset=&#8221;default&#8221; use_background_color_gradient=&#8221;on&#8221; background_color_gradient_start=&#8221;rgba(104,186,179,0.33)&#8221; background_color_gradient_end=&#8221;rgba(104,186,179,0.33)&#8221; background_image=&#8221;https:\/\/vestina.eu\/wp-content\/uploads\/2020\/12\/sdsad-01.png&#8221; parallax=&#8221;on&#8221; custom_margin=&#8221;||19px|||&#8221; custom_padding=&#8221;94px||0px|||&#8221;][et_pb_row _builder_version=&#8221;4.7.6&#8243; _module_preset=&#8221;default&#8221;][et_pb_column type=&#8221;4_4&#8243; _builder_version=&#8221;4.7.6&#8243; _module_preset=&#8221;default&#8221;][et_pb_text _builder_version=&#8221;4.7.7&#8243; text_font=&#8221;Cormorant Garamond||||||||&#8221; text_font_size=&#8221;20px&#8221; text_line_height=&#8221;1.8em&#8221; link_font=&#8221;||||||||&#8221; ul_font=&#8221;||||||||&#8221; header_font=&#8221;||||||||&#8221; header_2_font=&#8221;||||||||&#8221; header_3_font=&#8221;Montserrat||||||||&#8221; header_3_text_color=&#8221;#424a4f&#8221; header_3_font_size=&#8221;45px&#8221; header_3_line_height=&#8221;1.5em&#8221; header_4_font=&#8221;||||||||&#8221; header_5_font=&#8221;Poppins|700||on|||||&#8221; header_5_text_color=&#8221;#126f6f&#8221; header_5_letter_spacing=&#8221;15px&#8221; header_5_line_height=&#8221;1.8em&#8221; text_orientation=&#8221;center&#8221; width=&#8221;100%&#8221; max_width_tablet=&#8221;100%&#8221; max_width_phone=&#8221;100%&#8221; max_width_last_edited=&#8221;off|desktop&#8221; module_alignment=&#8221;right&#8221; locked=&#8221;off&#8221;]<\/p>\n<h5>kupon za popust<\/h5>\n<h3><\/h3>\n<p>[\/et_pb_text][\/et_pb_column][\/et_pb_row][\/et_pb_section][et_pb_section fb_built=&#8221;1&#8243; _builder_version=&#8221;4.7.6&#8243; _module_preset=&#8221;default&#8221; custom_padding=&#8221;57px|||||&#8221;][et_pb_row _builder_version=&#8221;4.7.7&#8243; _module_preset=&#8221;default&#8221; width=&#8221;55%&#8221; width_tablet=&#8221;&#8221; width_phone=&#8221;80%&#8221; width_last_edited=&#8221;on|phone&#8221; max_width=&#8221;1079px&#8221; custom_margin=&#8221;-46px|auto||auto||&#8221;][et_pb_column type=&#8221;4_4&#8243; _builder_version=&#8221;4.7.6&#8243; _module_preset=&#8221;default&#8221;][et_pb_text _builder_version=&#8221;4.7.7&#8243; _module_preset=&#8221;default&#8221; width=&#8221;100%&#8221; custom_margin=&#8221;20px|||||&#8221;]<\/p>\n<p>U Vestina webshopu dajemo 10 % popusta na va\u0161u prvu kupovinu. Kod za kupovinu s popustom primit \u0107ete registracijom na e-novosti.<\/p>\n<p>&nbsp;<\/p>\n<p>Kod s popustom mo\u017eete unijeti tijekom zavr\u0161avanja s kupovinom na blagajni, gdje morate upisati KOD POPUSTA u prozor\u010di\u0107.<\/p>\n<p>&nbsp;<\/p>\n<p>Posebni popusti, koji \u0107e se reklamirati tijekom godine, bit \u0107e objavljeni na webshopu ili poslani na va\u0161u adresu, kao na\u0161em stalnom kupcu.<\/p>\n<p>[\/et_pb_text][\/et_pb_column][\/et_pb_row][\/et_pb_section][et_pb_section fb_built=&#8221;1&#8243; custom_padding_last_edited=&#8221;on|phone&#8221; admin_label=&#8221;Subscribe&#8221; _builder_version=&#8221;4.8.1&#8243; background_color=&#8221;rgba(104,186,179,0.33)&#8221; background_image=&#8221;https:\/\/vestina.eu\/wp-content\/uploads\/2021\/01\/dsds-01.png&#8221; custom_margin_tablet=&#8221;&#8221; custom_margin_phone=&#8221;6px||-101px||false|false&#8221; custom_margin_last_edited=&#8221;on|phone&#8221; custom_padding=&#8221;91px|0px|91px|0px|true|false&#8221; custom_padding_tablet=&#8221;&#8221; custom_padding_phone=&#8221;82px|0px|102px|0px|false|false&#8221; saved_tabs=&#8221;all&#8221;][et_pb_row custom_padding_last_edited=&#8221;on|phone&#8221; _builder_version=&#8221;4.7.7&#8243; _module_preset=&#8221;default&#8221; custom_margin=&#8221;-81px|auto|-28px|auto||&#8221; custom_margin_tablet=&#8221;&#8221; custom_margin_phone=&#8221;-109px|auto|-28px|auto|false|false&#8221; custom_margin_last_edited=&#8221;on|phone&#8221; custom_padding=&#8221;79px|||||&#8221; custom_padding_tablet=&#8221;&#8221; custom_padding_phone=&#8221;81px||||false|false&#8221;][et_pb_column type=&#8221;4_4&#8243; _builder_version=&#8221;4.7.6&#8243; _module_preset=&#8221;default&#8221;][et_pb_text _builder_version=&#8221;4.7.7&#8243; text_font=&#8221;Cormorant Garamond||||||||&#8221; text_font_size=&#8221;20px&#8221; text_line_height=&#8221;1.8em&#8221; link_font=&#8221;||||||||&#8221; ul_font=&#8221;||||||||&#8221; header_font=&#8221;||||||||&#8221; header_2_font=&#8221;||||||||&#8221; header_3_font=&#8221;Montserrat||||||||&#8221; header_3_text_color=&#8221;#424a4f&#8221; header_3_font_size=&#8221;45px&#8221; header_3_line_height=&#8221;1.5em&#8221; header_4_font=&#8221;||||||||&#8221; header_5_font=&#8221;Poppins|700||on|||||&#8221; header_5_text_align=&#8221;center&#8221; header_5_text_color=&#8221;#126f6f&#8221; header_5_letter_spacing=&#8221;15px&#8221; header_5_line_height=&#8221;1.8em&#8221; width=&#8221;100%&#8221; max_width_tablet=&#8221;100%&#8221; max_width_phone=&#8221;100%&#8221; max_width_last_edited=&#8221;off|desktop&#8221; custom_margin=&#8221;31px|||||&#8221; locked=&#8221;off&#8221;]<\/p>\n<h5>pi\u0161ite nam<\/h5>\n<h3><\/h3>\n<p>[\/et_pb_text][\/et_pb_column][\/et_pb_row][et_pb_row column_structure=&#8221;1_4,1_2,1_4&#8243; use_custom_gutter=&#8221;on&#8221; custom_padding_last_edited=&#8221;on|phone&#8221; admin_label=&#8221;Prijavite se na red&#8221; module_class=&#8221; et_pb_row_fullwidth&#8221; _builder_version=&#8221;4.7.7&#8243; width=&#8221;89%&#8221; width_tablet=&#8221;80%&#8221; width_phone=&#8221;&#8221; width_last_edited=&#8221;on|desktop&#8221; max_width=&#8221;89%&#8221; max_width_tablet=&#8221;80%&#8221; max_width_phone=&#8221;&#8221; max_width_last_edited=&#8221;on|desktop&#8221; custom_padding_tablet=&#8221;&#8221; custom_padding_phone=&#8221;1px||||false|false&#8221; make_fullwidth=&#8221;on&#8221;][et_pb_column type=&#8221;1_4&#8243; _builder_version=&#8221;3.25&#8243; custom_padding=&#8221;|||&#8221; custom_padding__hover=&#8221;|||&#8221;][\/et_pb_column][et_pb_column type=&#8221;1_2&#8243; _builder_version=&#8221;3.25&#8243; custom_padding=&#8221;|||&#8221; custom_padding__hover=&#8221;|||&#8221;][et_pb_contact_form captcha=&#8221;off&#8221; email=&#8221;shop@emma.si&#8221; custom_message=&#8221;KONTAKT JE %%Name%% || et_pb_line_break_holder |||| et_pb_line_break_holder || ELEKTRONSKA ADRESA %%Email%% || et_pb_line_break_holder |||| et_pb_line_break_holder || %%Message%%&#8221; use_redirect=&#8221;on&#8221; redirect_url=&#8221;https:\/\/vestina.eu&#8221; success_message=&#8221;Va\u0161a poruka je poslana.&#8221; submit_button_text=&#8221;PO\u0160ALJI PORUKU&#8221; _builder_version=&#8221;4.9.1&#8243; _module_preset=&#8221;default&#8221; form_field_background_color=&#8221;#ffffff&#8221; form_field_text_color=&#8221;#000000&#8243; form_field_font=&#8221;Montserrat|300|||||||&#8221; form_field_font_size=&#8221;13px&#8221; custom_button=&#8221;on&#8221; button_text_size=&#8221;14px&#8221; button_bg_color=&#8221;#003e65&#8243; button_border_width=&#8221;6px&#8221; button_border_color=&#8221;#063c58&#8243; button_border_radius=&#8221;0px&#8221; button_letter_spacing=&#8221;2px&#8221; button_font=&#8221;Montserrat|300|||||||&#8221; hover_enabled=&#8221;0&#8243; sticky_enabled=&#8221;0&#8243;][et_pb_contact_field field_id=&#8221;Name&#8221; field_title=&#8221;Ime i prezime&#8221; _builder_version=&#8221;3.16&#8243; button_text_size__hover_enabled=&#8221;off&#8221; button_one_text_size__hover_enabled=&#8221;off&#8221; button_two_text_size__hover_enabled=&#8221;off&#8221; button_text_color__hover_enabled=&#8221;off&#8221; button_one_text_color__hover_enabled=&#8221;off&#8221; button_two_text_color__hover_enabled=&#8221;off&#8221; button_border_width__hover_enabled=&#8221;off&#8221; button_one_border_width__hover_enabled=&#8221;off&#8221; button_two_border_width__hover_enabled=&#8221;off&#8221; button_border_color__hover_enabled=&#8221;off&#8221; button_one_border_color__hover_enabled=&#8221;off&#8221; button_two_border_color__hover_enabled=&#8221;off&#8221; button_border_radius__hover_enabled=&#8221;off&#8221; button_one_border_radius__hover_enabled=&#8221;off&#8221; button_two_border_radius__hover_enabled=&#8221;off&#8221; button_letter_spacing__hover_enabled=&#8221;off&#8221; button_one_letter_spacing__hover_enabled=&#8221;off&#8221; button_two_letter_spacing__hover_enabled=&#8221;off&#8221; button_bg_color__hover_enabled=&#8221;off&#8221; button_one_bg_color__hover_enabled=&#8221;off&#8221; button_two_bg_color__hover_enabled=&#8221;off&#8221;][\/et_pb_contact_field][et_pb_contact_field field_id=&#8221;Email&#8221; field_title=&#8221;Email adresa&#8221; field_type=&#8221;email&#8221; _builder_version=&#8221;4.7.6&#8243; button_text_size__hover_enabled=&#8221;off&#8221; button_one_text_size__hover_enabled=&#8221;off&#8221; button_two_text_size__hover_enabled=&#8221;off&#8221; button_text_color__hover_enabled=&#8221;off&#8221; button_one_text_color__hover_enabled=&#8221;off&#8221; button_two_text_color__hover_enabled=&#8221;off&#8221; button_border_width__hover_enabled=&#8221;off&#8221; button_one_border_width__hover_enabled=&#8221;off&#8221; button_two_border_width__hover_enabled=&#8221;off&#8221; button_border_color__hover_enabled=&#8221;off&#8221; button_one_border_color__hover_enabled=&#8221;off&#8221; button_two_border_color__hover_enabled=&#8221;off&#8221; button_border_radius__hover_enabled=&#8221;off&#8221; button_one_border_radius__hover_enabled=&#8221;off&#8221; button_two_border_radius__hover_enabled=&#8221;off&#8221; button_letter_spacing__hover_enabled=&#8221;off&#8221; button_one_letter_spacing__hover_enabled=&#8221;off&#8221; button_two_letter_spacing__hover_enabled=&#8221;off&#8221; button_bg_color__hover_enabled=&#8221;off&#8221; button_one_bg_color__hover_enabled=&#8221;off&#8221; button_two_bg_color__hover_enabled=&#8221;off&#8221;][\/et_pb_contact_field][et_pb_contact_field field_id=&#8221;Message&#8221; field_title=&#8221;Va\u0161a poruka&#8221; field_type=&#8221;text&#8221; fullwidth_field=&#8221;on&#8221; _builder_version=&#8221;4.7.6&#8243; button_text_size__hover_enabled=&#8221;off&#8221; button_one_text_size__hover_enabled=&#8221;off&#8221; button_two_text_size__hover_enabled=&#8221;off&#8221; button_text_color__hover_enabled=&#8221;off&#8221; button_one_text_color__hover_enabled=&#8221;off&#8221; button_two_text_color__hover_enabled=&#8221;off&#8221; button_border_width__hover_enabled=&#8221;off&#8221; button_one_border_width__hover_enabled=&#8221;off&#8221; button_two_border_width__hover_enabled=&#8221;off&#8221; button_border_color__hover_enabled=&#8221;off&#8221; button_one_border_color__hover_enabled=&#8221;off&#8221; button_two_border_color__hover_enabled=&#8221;off&#8221; button_border_radius__hover_enabled=&#8221;off&#8221; button_one_border_radius__hover_enabled=&#8221;off&#8221; button_two_border_radius__hover_enabled=&#8221;off&#8221; button_letter_spacing__hover_enabled=&#8221;off&#8221; button_one_letter_spacing__hover_enabled=&#8221;off&#8221; button_two_letter_spacing__hover_enabled=&#8221;off&#8221; button_bg_color__hover_enabled=&#8221;off&#8221; button_one_bg_color__hover_enabled=&#8221;off&#8221; button_two_bg_color__hover_enabled=&#8221;off&#8221;][\/et_pb_contact_field][et_pb_contact_field field_id=&#8221;Field_4&#8243; field_title=&#8221;Politika privatnosti&#8221; field_type=&#8221;checkbox&#8221; checkbox_options=&#8221;%91{%22value%22:%22Pro\u010ditao sam i sla\u017eem se s uvjetima i politikom privatnosti.%22,%22checked%22:0,%22dragID%22:-1,%22link_url%22:%22https:\/\/vestina.eu\/hr\/politika-privatnosti\/%22}%93&#8243; _builder_version=&#8221;4.9.1&#8243; _module_preset=&#8221;default&#8221; form_field_background_color=&#8221;#ffffff&#8221; form_field_focus_background_color=&#8221;#ffffff&#8221; form_field_focus_text_color=&#8221;#000000&#8243; form_field_font_size=&#8221;12px&#8221; hover_enabled=&#8221;0&#8243; sticky_enabled=&#8221;0&#8243;][\/et_pb_contact_field][\/et_pb_contact_form][\/et_pb_column][et_pb_column type=&#8221;1_4&#8243; _builder_version=&#8221;3.25&#8243; custom_padding=&#8221;|||&#8221; custom_padding__hover=&#8221;|||&#8221;][\/et_pb_column][\/et_pb_row][\/et_pb_section]<\/p>\n<span class=\"et_bloom_bottom_trigger\"><\/span>","protected":false},"excerpt":{"rendered":"<p>kupon za popust U Vestina webshopu dajemo 10 % popusta na va\u0161u prvu kupovinu. Kod za kupovinu s popustom primit \u0107ete registracijom na e-novosti. &nbsp; Kod s popustom mo\u017eete unijeti tijekom zavr\u0161avanja s kupovinom na blagajni, gdje morate upisati KOD POPUSTA u prozor\u010di\u0107. &nbsp; Posebni popusti, koji \u0107e se reklamirati tijekom godine, bit \u0107e objavljeni [&hellip;]<\/p>\n","protected":false},"author":1,"featured_media":0,"parent":0,"menu_order":0,"comment_status":"closed","ping_status":"closed","template":"","meta":{"_et_pb_use_builder":"on","_et_pb_old_content":"","_et_gb_content_width":"","footnotes":""},"class_list":["post-6153","page","type-page","status-publish","hentry"],"_links":{"self":[{"href":"https:\/\/vestina.eu\/hr\/wp-json\/wp\/v2\/pages\/6153","targetHints":{"allow":["GET"]}}],"collection":[{"href":"https:\/\/vestina.eu\/hr\/wp-json\/wp\/v2\/pages"}],"about":[{"href":"https:\/\/vestina.eu\/hr\/wp-json\/wp\/v2\/types\/page"}],"author":[{"embeddable":true,"href":"https:\/\/vestina.eu\/hr\/wp-json\/wp\/v2\/users\/1"}],"replies":[{"embeddable":true,"href":"https:\/\/vestina.eu\/hr\/wp-json\/wp\/v2\/comments?post=6153"}],"version-history":[{"count":15,"href":"https:\/\/vestina.eu\/hr\/wp-json\/wp\/v2\/pages\/6153\/revisions"}],"predecessor-version":[{"id":7274,"href":"https:\/\/vestina.eu\/hr\/wp-json\/wp\/v2\/pages\/6153\/revisions\/7274"}],"wp:attachment":[{"href":"https:\/\/vestina.eu\/hr\/wp-json\/wp\/v2\/media?parent=6153"}],"curies":[{"name":"wp","href":"https:\/\/api.w.org\/{rel}","templated":true}]}}