{"id":6147,"date":"2021-02-03T15:46:23","date_gmt":"2021-02-03T13:46:23","guid":{"rendered":"https:\/\/vestina.eu\/cesto-postavljana-pitanja\/"},"modified":"2021-03-11T11:09:17","modified_gmt":"2021-03-11T09:09:17","slug":"cesto-postavljana-pitanja","status":"publish","type":"page","link":"https:\/\/vestina.eu\/hr\/cesto-postavljana-pitanja\/","title":{"rendered":"\u010cesto postavljana pitanja"},"content":{"rendered":"<p>[et_pb_section fb_built=&#8221;1&#8243; _builder_version=&#8221;4.7.7&#8243; _module_preset=&#8221;default&#8221; use_background_color_gradient=&#8221;on&#8221; background_color_gradient_start=&#8221;rgba(104,186,179,0.33)&#8221; background_color_gradient_end=&#8221;rgba(104,186,179,0.33)&#8221; background_image=&#8221;https:\/\/vestina.eu\/wp-content\/uploads\/2020\/12\/sdsad-01.png&#8221; parallax=&#8221;on&#8221; custom_margin=&#8221;||0px|||&#8221; custom_padding=&#8221;94px||0px|||&#8221;][et_pb_row _builder_version=&#8221;4.7.6&#8243; _module_preset=&#8221;default&#8221;][et_pb_column type=&#8221;4_4&#8243; _builder_version=&#8221;4.7.6&#8243; _module_preset=&#8221;default&#8221;][et_pb_text _builder_version=&#8221;4.7.7&#8243; text_font=&#8221;Cormorant Garamond||||||||&#8221; text_font_size=&#8221;20px&#8221; text_line_height=&#8221;1.8em&#8221; link_font=&#8221;||||||||&#8221; ul_font=&#8221;||||||||&#8221; header_font=&#8221;||||||||&#8221; header_2_font=&#8221;||||||||&#8221; header_3_font=&#8221;Montserrat||||||||&#8221; header_3_text_color=&#8221;#424a4f&#8221; header_3_font_size=&#8221;45px&#8221; header_3_line_height=&#8221;1.5em&#8221; header_4_font=&#8221;||||||||&#8221; header_5_font=&#8221;Poppins|700||on|||||&#8221; header_5_text_color=&#8221;#126f6f&#8221; header_5_letter_spacing=&#8221;15px&#8221; header_5_line_height=&#8221;1.8em&#8221; text_orientation=&#8221;center&#8221; width=&#8221;100%&#8221; max_width_tablet=&#8221;100%&#8221; max_width_phone=&#8221;100%&#8221; max_width_last_edited=&#8221;off|desktop&#8221; module_alignment=&#8221;right&#8221; locked=&#8221;off&#8221;]<\/p>\n<h5>Kako aktivirati solarnu svije\u0107u Vestina SOLAR?<\/h5>\n<h3><\/h3>\n<p>[\/et_pb_text][\/et_pb_column][\/et_pb_row][\/et_pb_section][et_pb_section fb_built=&#8221;1&#8243; _builder_version=&#8221;4.8.1&#8243; _module_preset=&#8221;default&#8221; custom_padding=&#8221;150px||0px|||&#8221;][et_pb_row _builder_version=&#8221;4.8.1&#8243; _module_preset=&#8221;default&#8221;][et_pb_column type=&#8221;4_4&#8243; _builder_version=&#8221;4.8.1&#8243; _module_preset=&#8221;default&#8221;][et_pb_text _builder_version=&#8221;4.9.1&#8243; _module_preset=&#8221;default&#8221; text_font=&#8221;Montserrat||||||||&#8221; text_font_size=&#8221;28px&#8221; text_orientation=&#8221;center&#8221; hover_enabled=&#8221;0&#8243; width=&#8221;90%&#8221; sticky_enabled=&#8221;0&#8243;]<\/p>\n<p>Kako aktivirati solarnu svije\u0107u Vestina SOLAR?<\/p>\n<p>[\/et_pb_text][\/et_pb_column][\/et_pb_row][et_pb_row _builder_version=&#8221;4.9.1&#8243; _module_preset=&#8221;default&#8221; hover_enabled=&#8221;0&#8243; width=&#8221;90%&#8221; max_width=&#8221;1428px&#8221; sticky_enabled=&#8221;0&#8243;][et_pb_column type=&#8221;4_4&#8243; _builder_version=&#8221;4.8.1&#8243; _module_preset=&#8221;default&#8221;][et_pb_image src=&#8221;https:\/\/vestina.eu\/wp-content\/uploads\/2021\/01\/DADD-01.png&#8221; title_text=&#8221;DADD-01&#8243; _builder_version=&#8221;4.8.1&#8243; _module_preset=&#8221;default&#8221;][\/et_pb_image][et_pb_text _builder_version=&#8221;4.9.1&#8243; _module_preset=&#8221;default&#8221; custom_margin=&#8221;61px|||||&#8221; hover_enabled=&#8221;0&#8243; width=&#8221;90%&#8221; sticky_enabled=&#8221;0&#8243;]<\/p>\n<p>Svije\u0107u postavite na mjesto gdje \u0107e njezina gornja povr\u0161ina biti izlo\u017eena suncu barem 4 sata dnevno. Taj na\u010din uporabe osiguraba rad no\u0107u, danju i tijekom obla\u010dnog vremena. Po potrebi o\u010distite solarnu povr\u0161inu.<\/p>\n<p>1. Odvijte poklopac;<\/p>\n<p>2. Izvucite i uklonite slam\u010dicu;<\/p>\n<p>3. Vestina je aktivirana;<\/p>\n<p>4. Vratite poklopac na mjesto.<\/p>\n<p>&nbsp;<\/p>\n<p>[\/et_pb_text][\/et_pb_column][\/et_pb_row][\/et_pb_section][et_pb_section fb_built=&#8221;1&#8243; _builder_version=&#8221;4.8.1&#8243; _module_preset=&#8221;default&#8221; custom_padding=&#8221;30px||0px|||&#8221;][et_pb_row _builder_version=&#8221;4.9.1&#8243; _module_preset=&#8221;default&#8221; custom_padding=&#8221;73px|||||&#8221; hover_enabled=&#8221;0&#8243; width=&#8221;90%&#8221; max_width=&#8221;1402px&#8221; sticky_enabled=&#8221;0&#8243;][et_pb_column type=&#8221;4_4&#8243; _builder_version=&#8221;4.8.1&#8243; _module_preset=&#8221;default&#8221;][et_pb_text _builder_version=&#8221;4.9.1&#8243; _module_preset=&#8221;default&#8221; text_font=&#8221;Montserrat||||||||&#8221; text_font_size=&#8221;28px&#8221; text_orientation=&#8221;center&#8221; hover_enabled=&#8221;0&#8243; width=&#8221;90%&#8221; sticky_enabled=&#8221;0&#8243;]<\/p>\n<p>Kako aktivirati solarnu lanternu Vestina SOLAR?<\/p>\n<p>[\/et_pb_text][et_pb_image src=&#8221;https:\/\/vestina.eu\/wp-content\/uploads\/2021\/01\/Untitled-7-01.png&#8221; title_text=&#8221;Untitled-7-01&#8243; _builder_version=&#8221;4.8.1&#8243; _module_preset=&#8221;default&#8221; custom_margin=&#8221;||44px|||&#8221;][\/et_pb_image][et_pb_text _builder_version=&#8221;4.9.1&#8243; _module_preset=&#8221;default&#8221; custom_margin=&#8221;-111px|||||&#8221; hover_enabled=&#8221;0&#8243; width=&#8221;91%&#8221; sticky_enabled=&#8221;0&#8243;]<\/p>\n<p>&nbsp;<\/p>\n<p>&nbsp;<\/p>\n<p>Solarnu lanternu aktivirate tako da donjoj strani lanterne uklju\u010dite crveni gumb. Na taj na\u010din lanterna \u0107e svijetliti ne samo danju, ve\u0107 i no\u0107u i tijekom svih vremenskih uvjeta.<\/p>\n<p>&nbsp;<\/p>\n<p>[\/et_pb_text][\/et_pb_column][\/et_pb_row][\/et_pb_section][et_pb_section fb_built=&#8221;1&#8243; _builder_version=&#8221;4.7.6&#8243; _module_preset=&#8221;default&#8221; custom_padding=&#8221;13px|||||&#8221;][et_pb_row _builder_version=&#8221;4.9.1&#8243; _module_preset=&#8221;default&#8221; hover_enabled=&#8221;0&#8243; width=&#8221;90%&#8221; max_width=&#8221;1428px&#8221; sticky_enabled=&#8221;0&#8243;][et_pb_column type=&#8221;4_4&#8243; _builder_version=&#8221;4.7.6&#8243; _module_preset=&#8221;default&#8221;][et_pb_accordion closed_toggle_background_color=&#8221;rgba(104,186,179,0.33)&#8221; icon_color=&#8221;#898989&#8243; _builder_version=&#8221;4.8.1&#8243; _module_preset=&#8221;default&#8221; toggle_font_size=&#8221;16px&#8221; body_font=&#8221;|300|||||||&#8221; body_font_size=&#8221;14px&#8221; animation_style=&#8221;fade&#8221;][et_pb_accordion_item title=&#8221;Koliko dana gori solarna svije\u0107a Vestina SOLAR?&#8221; open=&#8221;on&#8221; _builder_version=&#8221;4.8.1&#8243; _module_preset=&#8221;default&#8221;]<\/p>\n<p>Uz pravilnu uporabu, solarna svije\u0107a Vestina SOLAR gorjet \u0107e do 1000 dana. Za besprijekorno gorenje treba samo 4 sata dnevne sun\u010deve svjetlosti.<\/p>\n<p>[\/et_pb_accordion_item][et_pb_accordion_item title=&#8221;Gdje bi Vestina SOLAR trebala stajati za pravilan rad?&#8221; _builder_version=&#8221;4.8.1&#8243; _module_preset=&#8221;default&#8221; open=&#8221;off&#8221;]<\/p>\n<p>Vestina SOLAR je svije\u0107a koja djeluje pomo\u0107u sun\u010deve energije. Treba najmanje 4 sata dnevne sun\u010deve svjetlosti za neprekidno gorenje danju i no\u0107u. Vestina SOLAR gori i za lo\u0161eg vremena, premda \u0107e njezin plamen biti izra\u017eeniji kada se ponovno napuni tijekom lijepog sun\u010danog dana.<\/p>\n<p>[\/et_pb_accordion_item][et_pb_accordion_item title=&#8221;Koliko dnevne svjetlosti treba Vestina SOLAR?&#8221; _builder_version=&#8221;4.8.1&#8243; _module_preset=&#8221;default&#8221; open=&#8221;off&#8221;]<\/p>\n<p>Za neprekidno gorenje solarna svije\u0107a vestina SOLAR treba samo 4 sata dnevne sun\u010deve svjetlosti.<\/p>\n<p>[\/et_pb_accordion_item][et_pb_accordion_item title=&#8221;Da li solarna svije\u0107a Vestina SOLAR svijetli i na snijegu?&#8221; _builder_version=&#8221;4.8.1&#8243; _module_preset=&#8221;default&#8221; open=&#8221;off&#8221;]<\/p>\n<p>Solarna svije\u0107a Vestina SOLAR je izra\u0111ena i prilago\u0111ena za rad tijekom svih vremenskih uvjeta i radit \u0107e po zimi i po novonapadalom snijegu. Sve \u0161to morate napraviti dok obilazite grob je ukloniti snijeg sa solarne povr\u0161ine.<\/p>\n<p>[\/et_pb_accordion_item][et_pb_accordion_item title=&#8221;Da li solarna svije\u0107a Vestina SOLAR svijetli i no\u0107u?&#8221; _builder_version=&#8221;4.7.7&#8243; _module_preset=&#8221;default&#8221; open=&#8221;off&#8221;]<\/p>\n<p>Solarna svije\u0107a za neprekidno 24-satno gorenje treba 4 sata dnevne sun\u010deve svjetlosti pa \u0107e zbog pune baterije svijetliti i no\u0107u.<\/p>\n<p>[\/et_pb_accordion_item][et_pb_accordion_item title=&#8221;Kako aktivirati solarnu svije\u0107u Vestina SOLAR?&#8221; _builder_version=&#8221;4.7.7&#8243; _module_preset=&#8221;default&#8221; open=&#8221;off&#8221;]<\/p>\n<p>Solarnu svije\u0107u aktivirate uklanjanjem za\u0161titne slam\u010dice, koja se nalazi u unutra\u0161njosti svije\u0107e. Baterije su ve\u0107 prethodno napunjene tako da \u0107e vam svije\u0107a nakon aktivacije neprekidno gorjeti 7 dana bez dodatnog punjenja.<\/p>\n<p>[\/et_pb_accordion_item][et_pb_accordion_item title=&#8221;\u0160to napraviti ako Vestina SOLAR svijetli samo danju?&#8221; _builder_version=&#8221;4.8.1&#8243; _module_preset=&#8221;default&#8221; open=&#8221;off&#8221;]<\/p>\n<p>Provjerite da li ste uklonili aktivacijsku slam\u010dicu iz unutra\u0161njosti solarne svije\u0107e Vestina SOLAR. Provjerite da li ste uklju\u010dili solarnu lanternu Vestina SOLAR pomo\u0107u gumba na donjoj strani. Pro\u010ditajte gore navedene upute za aktivaciju.<\/p>\n<p>[\/et_pb_accordion_item][et_pb_accordion_item title=&#8221;\u0160to napraviti ako Vestina SOLAR ne radi?&#8221; _builder_version=&#8221;4.8.1&#8243; _module_preset=&#8221;default&#8221; open=&#8221;off&#8221;]<\/p>\n<p>Obavezno uklonite za\u0161titnu slamku s unutarnje strane svje\u0107ice. Provjerite o\u017ei\u010denje. Slijedite gornje upute za aktivaciju. <\/p>\n<p>U slu\u010daju da svije\u0107a jo\u0161 uvijek ne radi, zajedno s kopijom ra\u010duna po\u0161aljite SAMO solarni poklopac i plamenik na na\u0161u adresu: EMMA d.o.o., Ro\u017ena dolina 52, 4248 Lesce.<\/p>\n<p>Nazovite nas na 030 46 47 48 ili nam pi\u0161ite na shop@emma.si.<\/p>\n<p>&nbsp;<\/p>\n<p>[\/et_pb_accordion_item][\/et_pb_accordion][\/et_pb_column][\/et_pb_row][\/et_pb_section][et_pb_section fb_built=&#8221;1&#8243; custom_padding_last_edited=&#8221;on|phone&#8221; admin_label=&#8221;Subscribe&#8221; _builder_version=&#8221;4.8.1&#8243; background_color=&#8221;rgba(104,186,179,0.33)&#8221; background_image=&#8221;https:\/\/vestina.eu\/wp-content\/uploads\/2021\/01\/dsds-01.png&#8221; custom_margin_tablet=&#8221;&#8221; custom_margin_phone=&#8221;6px||-101px||false|false&#8221; custom_margin_last_edited=&#8221;on|phone&#8221; custom_padding=&#8221;91px|0px|91px|0px|true|false&#8221; custom_padding_tablet=&#8221;&#8221; custom_padding_phone=&#8221;82px|0px|102px|0px|false|false&#8221; saved_tabs=&#8221;all&#8221;][et_pb_row custom_padding_last_edited=&#8221;on|phone&#8221; _builder_version=&#8221;4.7.7&#8243; _module_preset=&#8221;default&#8221; custom_margin=&#8221;-81px|auto|-28px|auto||&#8221; custom_margin_tablet=&#8221;&#8221; custom_margin_phone=&#8221;-109px|auto|-28px|auto|false|false&#8221; custom_margin_last_edited=&#8221;on|phone&#8221; custom_padding=&#8221;79px|||||&#8221; custom_padding_tablet=&#8221;&#8221; custom_padding_phone=&#8221;81px||||false|false&#8221;][et_pb_column type=&#8221;4_4&#8243; _builder_version=&#8221;4.7.6&#8243; _module_preset=&#8221;default&#8221;][et_pb_text _builder_version=&#8221;4.7.7&#8243; text_font=&#8221;Cormorant Garamond||||||||&#8221; text_font_size=&#8221;20px&#8221; text_line_height=&#8221;1.8em&#8221; link_font=&#8221;||||||||&#8221; ul_font=&#8221;||||||||&#8221; header_font=&#8221;||||||||&#8221; header_2_font=&#8221;||||||||&#8221; header_3_font=&#8221;Montserrat||||||||&#8221; header_3_text_color=&#8221;#424a4f&#8221; header_3_font_size=&#8221;45px&#8221; header_3_line_height=&#8221;1.5em&#8221; header_4_font=&#8221;||||||||&#8221; header_5_font=&#8221;Poppins|700||on|||||&#8221; header_5_text_align=&#8221;center&#8221; header_5_text_color=&#8221;#126f6f&#8221; header_5_letter_spacing=&#8221;15px&#8221; header_5_line_height=&#8221;1.8em&#8221; width=&#8221;100%&#8221; max_width_tablet=&#8221;100%&#8221; max_width_phone=&#8221;100%&#8221; max_width_last_edited=&#8221;off|desktop&#8221; custom_margin=&#8221;31px|||||&#8221; locked=&#8221;off&#8221;]<\/p>\n<h5>pi\u0161ite nam<\/h5>\n<h3><\/h3>\n<p>[\/et_pb_text][\/et_pb_column][\/et_pb_row][et_pb_row column_structure=&#8221;1_4,1_2,1_4&#8243; use_custom_gutter=&#8221;on&#8221; custom_padding_last_edited=&#8221;on|phone&#8221; admin_label=&#8221;Prijavite se na red&#8221; module_class=&#8221; et_pb_row_fullwidth&#8221; _builder_version=&#8221;4.7.7&#8243; width=&#8221;89%&#8221; width_tablet=&#8221;80%&#8221; width_phone=&#8221;&#8221; width_last_edited=&#8221;on|desktop&#8221; max_width=&#8221;89%&#8221; max_width_tablet=&#8221;80%&#8221; max_width_phone=&#8221;&#8221; max_width_last_edited=&#8221;on|desktop&#8221; custom_padding_tablet=&#8221;&#8221; custom_padding_phone=&#8221;1px||||false|false&#8221; make_fullwidth=&#8221;on&#8221;][et_pb_column type=&#8221;1_4&#8243; _builder_version=&#8221;3.25&#8243; custom_padding=&#8221;|||&#8221; custom_padding__hover=&#8221;|||&#8221;][\/et_pb_column][et_pb_column type=&#8221;1_2&#8243; _builder_version=&#8221;3.25&#8243; custom_padding=&#8221;|||&#8221; custom_padding__hover=&#8221;|||&#8221;][et_pb_contact_form captcha=&#8221;off&#8221; email=&#8221;shop@emma.si&#8221; custom_message=&#8221;KONTAKT JE %%Name%% || et_pb_line_break_holder |||| et_pb_line_break_holder || ELEKTRONSKA ADRESA %%Email%% || et_pb_line_break_holder |||| et_pb_line_break_holder || %%Message%%&#8221; use_redirect=&#8221;on&#8221; redirect_url=&#8221;https:\/\/vestina.eu&#8221; success_message=&#8221;Va\u0161a poruka je poslana.&#8221; submit_button_text=&#8221;PO\u0160ALJI PORUKU&#8221; _builder_version=&#8221;4.9.1&#8243; _module_preset=&#8221;default&#8221; form_field_background_color=&#8221;#ffffff&#8221; form_field_text_color=&#8221;#000000&#8243; form_field_font=&#8221;Montserrat|300|||||||&#8221; form_field_font_size=&#8221;13px&#8221; custom_button=&#8221;on&#8221; button_text_size=&#8221;14px&#8221; button_bg_color=&#8221;#003e65&#8243; button_border_width=&#8221;6px&#8221; button_border_color=&#8221;#063c58&#8243; button_border_radius=&#8221;0px&#8221; button_letter_spacing=&#8221;2px&#8221; button_font=&#8221;Montserrat|300|||||||&#8221; hover_enabled=&#8221;0&#8243; sticky_enabled=&#8221;0&#8243;][et_pb_contact_field field_id=&#8221;Name&#8221; field_title=&#8221;Ime i prezime&#8221; _builder_version=&#8221;3.16&#8243; button_text_size__hover_enabled=&#8221;off&#8221; button_one_text_size__hover_enabled=&#8221;off&#8221; button_two_text_size__hover_enabled=&#8221;off&#8221; button_text_color__hover_enabled=&#8221;off&#8221; button_one_text_color__hover_enabled=&#8221;off&#8221; button_two_text_color__hover_enabled=&#8221;off&#8221; button_border_width__hover_enabled=&#8221;off&#8221; button_one_border_width__hover_enabled=&#8221;off&#8221; button_two_border_width__hover_enabled=&#8221;off&#8221; button_border_color__hover_enabled=&#8221;off&#8221; button_one_border_color__hover_enabled=&#8221;off&#8221; button_two_border_color__hover_enabled=&#8221;off&#8221; button_border_radius__hover_enabled=&#8221;off&#8221; button_one_border_radius__hover_enabled=&#8221;off&#8221; button_two_border_radius__hover_enabled=&#8221;off&#8221; button_letter_spacing__hover_enabled=&#8221;off&#8221; button_one_letter_spacing__hover_enabled=&#8221;off&#8221; button_two_letter_spacing__hover_enabled=&#8221;off&#8221; button_bg_color__hover_enabled=&#8221;off&#8221; button_one_bg_color__hover_enabled=&#8221;off&#8221; button_two_bg_color__hover_enabled=&#8221;off&#8221;][\/et_pb_contact_field][et_pb_contact_field field_id=&#8221;Email&#8221; field_title=&#8221;Email adresa&#8221; field_type=&#8221;email&#8221; _builder_version=&#8221;4.7.6&#8243; button_text_size__hover_enabled=&#8221;off&#8221; button_one_text_size__hover_enabled=&#8221;off&#8221; button_two_text_size__hover_enabled=&#8221;off&#8221; button_text_color__hover_enabled=&#8221;off&#8221; button_one_text_color__hover_enabled=&#8221;off&#8221; button_two_text_color__hover_enabled=&#8221;off&#8221; button_border_width__hover_enabled=&#8221;off&#8221; button_one_border_width__hover_enabled=&#8221;off&#8221; button_two_border_width__hover_enabled=&#8221;off&#8221; button_border_color__hover_enabled=&#8221;off&#8221; button_one_border_color__hover_enabled=&#8221;off&#8221; button_two_border_color__hover_enabled=&#8221;off&#8221; button_border_radius__hover_enabled=&#8221;off&#8221; button_one_border_radius__hover_enabled=&#8221;off&#8221; button_two_border_radius__hover_enabled=&#8221;off&#8221; button_letter_spacing__hover_enabled=&#8221;off&#8221; button_one_letter_spacing__hover_enabled=&#8221;off&#8221; button_two_letter_spacing__hover_enabled=&#8221;off&#8221; button_bg_color__hover_enabled=&#8221;off&#8221; button_one_bg_color__hover_enabled=&#8221;off&#8221; button_two_bg_color__hover_enabled=&#8221;off&#8221;][\/et_pb_contact_field][et_pb_contact_field field_id=&#8221;Message&#8221; field_title=&#8221;Va\u0161a poruka&#8221; field_type=&#8221;text&#8221; fullwidth_field=&#8221;on&#8221; _builder_version=&#8221;4.7.6&#8243; button_text_size__hover_enabled=&#8221;off&#8221; button_one_text_size__hover_enabled=&#8221;off&#8221; button_two_text_size__hover_enabled=&#8221;off&#8221; button_text_color__hover_enabled=&#8221;off&#8221; button_one_text_color__hover_enabled=&#8221;off&#8221; button_two_text_color__hover_enabled=&#8221;off&#8221; button_border_width__hover_enabled=&#8221;off&#8221; button_one_border_width__hover_enabled=&#8221;off&#8221; button_two_border_width__hover_enabled=&#8221;off&#8221; button_border_color__hover_enabled=&#8221;off&#8221; button_one_border_color__hover_enabled=&#8221;off&#8221; button_two_border_color__hover_enabled=&#8221;off&#8221; button_border_radius__hover_enabled=&#8221;off&#8221; button_one_border_radius__hover_enabled=&#8221;off&#8221; button_two_border_radius__hover_enabled=&#8221;off&#8221; button_letter_spacing__hover_enabled=&#8221;off&#8221; button_one_letter_spacing__hover_enabled=&#8221;off&#8221; button_two_letter_spacing__hover_enabled=&#8221;off&#8221; button_bg_color__hover_enabled=&#8221;off&#8221; button_one_bg_color__hover_enabled=&#8221;off&#8221; button_two_bg_color__hover_enabled=&#8221;off&#8221;][\/et_pb_contact_field][et_pb_contact_field field_id=&#8221;Field_4&#8243; field_title=&#8221;Politika privatnosti&#8221; field_type=&#8221;checkbox&#8221; checkbox_options=&#8221;%91{%22value%22:%22Pro\u010ditao sam i sla\u017eem se s uvjetima i politikom privatnosti.%22,%22checked%22:0,%22dragID%22:-1,%22link_url%22:%22https:\/\/vestina.eu\/hr\/politika-privatnosti\/%22}%93&#8243; _builder_version=&#8221;4.9.1&#8243; _module_preset=&#8221;default&#8221; form_field_background_color=&#8221;#ffffff&#8221; form_field_focus_background_color=&#8221;#ffffff&#8221; form_field_focus_text_color=&#8221;#000000&#8243; form_field_font_size=&#8221;12px&#8221; hover_enabled=&#8221;0&#8243; sticky_enabled=&#8221;0&#8243;][\/et_pb_contact_field][\/et_pb_contact_form][\/et_pb_column][et_pb_column type=&#8221;1_4&#8243; _builder_version=&#8221;3.25&#8243; custom_padding=&#8221;|||&#8221; custom_padding__hover=&#8221;|||&#8221;][\/et_pb_column][\/et_pb_row][\/et_pb_section]<\/p>\n<span class=\"et_bloom_bottom_trigger\"><\/span>","protected":false},"excerpt":{"rendered":"<p>Kako aktivirati solarnu svije\u0107u Vestina SOLAR? Kako aktivirati solarnu svije\u0107u Vestina SOLAR?Svije\u0107u postavite na mjesto gdje \u0107e njezina gornja povr\u0161ina biti izlo\u017eena suncu barem 4 sata dnevno. Taj na\u010din uporabe osiguraba rad no\u0107u, danju i tijekom obla\u010dnog vremena. Po potrebi o\u010distite solarnu povr\u0161inu. 1. Odvijte poklopac; 2. Izvucite i uklonite slam\u010dicu; 3. Vestina je aktivirana; [&hellip;]<\/p>\n","protected":false},"author":1,"featured_media":0,"parent":0,"menu_order":0,"comment_status":"closed","ping_status":"closed","template":"","meta":{"_et_pb_use_builder":"on","_et_pb_old_content":"","_et_gb_content_width":"","footnotes":""},"class_list":["post-6147","page","type-page","status-publish","hentry"],"_links":{"self":[{"href":"https:\/\/vestina.eu\/hr\/wp-json\/wp\/v2\/pages\/6147","targetHints":{"allow":["GET"]}}],"collection":[{"href":"https:\/\/vestina.eu\/hr\/wp-json\/wp\/v2\/pages"}],"about":[{"href":"https:\/\/vestina.eu\/hr\/wp-json\/wp\/v2\/types\/page"}],"author":[{"embeddable":true,"href":"https:\/\/vestina.eu\/hr\/wp-json\/wp\/v2\/users\/1"}],"replies":[{"embeddable":true,"href":"https:\/\/vestina.eu\/hr\/wp-json\/wp\/v2\/comments?post=6147"}],"version-history":[{"count":10,"href":"https:\/\/vestina.eu\/hr\/wp-json\/wp\/v2\/pages\/6147\/revisions"}],"predecessor-version":[{"id":7273,"href":"https:\/\/vestina.eu\/hr\/wp-json\/wp\/v2\/pages\/6147\/revisions\/7273"}],"wp:attachment":[{"href":"https:\/\/vestina.eu\/hr\/wp-json\/wp\/v2\/media?parent=6147"}],"curies":[{"name":"wp","href":"https:\/\/api.w.org\/{rel}","templated":true}]}}