{"id":6141,"date":"2021-02-03T15:27:03","date_gmt":"2021-02-03T13:27:03","guid":{"rendered":"https:\/\/vestina.eu\/metode-placanja\/"},"modified":"2021-03-11T11:06:04","modified_gmt":"2021-03-11T09:06:04","slug":"metode-placanja","status":"publish","type":"page","link":"https:\/\/vestina.eu\/hr\/metode-placanja\/","title":{"rendered":"Na\u010dini pla\u0107anja"},"content":{"rendered":"<p>[et_pb_section fb_built=&#8221;1&#8243; _builder_version=&#8221;4.7.7&#8243; _module_preset=&#8221;default&#8221; use_background_color_gradient=&#8221;on&#8221; background_color_gradient_start=&#8221;rgba(104,186,179,0.33)&#8221; background_color_gradient_end=&#8221;rgba(104,186,179,0.33)&#8221; background_image=&#8221;https:\/\/vestina.eu\/wp-content\/uploads\/2020\/12\/sdsad-01.png&#8221; parallax=&#8221;on&#8221; custom_margin=&#8221;||19px|||&#8221; custom_padding=&#8221;94px||0px|||&#8221;][et_pb_row _builder_version=&#8221;4.7.6&#8243; _module_preset=&#8221;default&#8221;][et_pb_column type=&#8221;4_4&#8243; _builder_version=&#8221;4.7.6&#8243; _module_preset=&#8221;default&#8221;][et_pb_text _builder_version=&#8221;4.7.7&#8243; text_font=&#8221;Cormorant Garamond||||||||&#8221; text_font_size=&#8221;20px&#8221; text_line_height=&#8221;1.8em&#8221; link_font=&#8221;||||||||&#8221; ul_font=&#8221;||||||||&#8221; header_font=&#8221;||||||||&#8221; header_2_font=&#8221;||||||||&#8221; header_3_font=&#8221;Montserrat||||||||&#8221; header_3_text_color=&#8221;#424a4f&#8221; header_3_font_size=&#8221;45px&#8221; header_3_line_height=&#8221;1.5em&#8221; header_4_font=&#8221;||||||||&#8221; header_5_font=&#8221;Poppins|700||on|||||&#8221; header_5_text_color=&#8221;#126f6f&#8221; header_5_letter_spacing=&#8221;15px&#8221; header_5_line_height=&#8221;1.8em&#8221; text_orientation=&#8221;center&#8221; width=&#8221;100%&#8221; max_width_tablet=&#8221;100%&#8221; max_width_phone=&#8221;100%&#8221; max_width_last_edited=&#8221;off|desktop&#8221; module_alignment=&#8221;right&#8221; locked=&#8221;off&#8221;]<\/p>\n<h5>na\u010dini pla\u0107anja<\/h5>\n<h3><\/h3>\n<p>[\/et_pb_text][\/et_pb_column][\/et_pb_row][\/et_pb_section][et_pb_section fb_built=&#8221;1&#8243; _builder_version=&#8221;4.6.3&#8243; _module_preset=&#8221;default&#8221; custom_margin=&#8221;73px|||||&#8221;][et_pb_row _builder_version=&#8221;4.9.1&#8243; _module_preset=&#8221;default&#8221; width=&#8221;90%&#8221; max_width=&#8221;1428px&#8221; module_alignment=&#8221;center&#8221; hover_enabled=&#8221;0&#8243; sticky_enabled=&#8221;0&#8243;][et_pb_column type=&#8221;4_4&#8243; _builder_version=&#8221;4.6.3&#8243; _module_preset=&#8221;default&#8221;][et_pb_text _builder_version=&#8221;4.9.1&#8243; _module_preset=&#8221;default&#8221; width=&#8221;90%&#8221; hover_enabled=&#8221;0&#8243; sticky_enabled=&#8221;0&#8243;]<\/p>\n<p>U webshopu vestina.eu naru\u010dene proizvode mo\u017eete platiti:<\/p>\n<ul>\n<li>predra\u010dunom (kojeg \u0107ete primiti e-po\u0161tom) na ra\u010dun tvrtke EMMA,<\/li>\n<li>karticama (Mastercard, Visa),<\/li>\n<li>preko PayPal sustava,<\/li>\n<\/ul>\n<p>\u017deljeni na\u010din pla\u0107anja ozna\u010dite na odgovaraju\u0107i na\u010din na kraju narud\u017ebe.<\/p>\n<p><span>Kupoprodajni ugovor (narud\u017eba) je pohranjen u elektronskom obliku na poslu\u017eitelju pru\u017eatelja usluga i dostupan kupcu u svakom trenutku na njegovom korisni\u010dkom profilu (Moj ra\u010dun).<\/span><\/p>\n<p>[\/et_pb_text][\/et_pb_column][\/et_pb_row][\/et_pb_section]<\/p>\n<span class=\"et_bloom_bottom_trigger\"><\/span>","protected":false},"excerpt":{"rendered":"<p>na\u010dini pla\u0107anja U webshopu vestina.eu naru\u010dene proizvode mo\u017eete platiti: predra\u010dunom (kojeg \u0107ete primiti e-po\u0161tom) na ra\u010dun tvrtke EMMA, karticama (Mastercard, Visa), preko PayPal sustava, \u017deljeni na\u010din pla\u0107anja ozna\u010dite na odgovaraju\u0107i na\u010din na kraju narud\u017ebe. Kupoprodajni ugovor (narud\u017eba) je pohranjen u elektronskom obliku na poslu\u017eitelju pru\u017eatelja usluga i dostupan kupcu u svakom trenutku na njegovom korisni\u010dkom [&hellip;]<\/p>\n","protected":false},"author":1,"featured_media":0,"parent":0,"menu_order":0,"comment_status":"closed","ping_status":"closed","template":"","meta":{"_et_pb_use_builder":"on","_et_pb_old_content":"","_et_gb_content_width":"","footnotes":""},"class_list":["post-6141","page","type-page","status-publish","hentry"],"_links":{"self":[{"href":"https:\/\/vestina.eu\/hr\/wp-json\/wp\/v2\/pages\/6141","targetHints":{"allow":["GET"]}}],"collection":[{"href":"https:\/\/vestina.eu\/hr\/wp-json\/wp\/v2\/pages"}],"about":[{"href":"https:\/\/vestina.eu\/hr\/wp-json\/wp\/v2\/types\/page"}],"author":[{"embeddable":true,"href":"https:\/\/vestina.eu\/hr\/wp-json\/wp\/v2\/users\/1"}],"replies":[{"embeddable":true,"href":"https:\/\/vestina.eu\/hr\/wp-json\/wp\/v2\/comments?post=6141"}],"version-history":[{"count":10,"href":"https:\/\/vestina.eu\/hr\/wp-json\/wp\/v2\/pages\/6141\/revisions"}],"predecessor-version":[{"id":7269,"href":"https:\/\/vestina.eu\/hr\/wp-json\/wp\/v2\/pages\/6141\/revisions\/7269"}],"wp:attachment":[{"href":"https:\/\/vestina.eu\/hr\/wp-json\/wp\/v2\/media?parent=6141"}],"curies":[{"name":"wp","href":"https:\/\/api.w.org\/{rel}","templated":true}]}}