{"id":6130,"date":"2021-02-03T15:06:55","date_gmt":"2021-02-03T13:06:55","guid":{"rendered":"https:\/\/vestina.eu\/dostava\/"},"modified":"2021-03-11T11:05:16","modified_gmt":"2021-03-11T09:05:16","slug":"dostava","status":"publish","type":"page","link":"https:\/\/vestina.eu\/hr\/dostava\/","title":{"rendered":"Dostava"},"content":{"rendered":"<p>[et_pb_section fb_built=&#8221;1&#8243; _builder_version=&#8221;4.7.7&#8243; _module_preset=&#8221;default&#8221; use_background_color_gradient=&#8221;on&#8221; background_color_gradient_start=&#8221;rgba(104,186,179,0.33)&#8221; background_color_gradient_end=&#8221;rgba(104,186,179,0.33)&#8221; background_image=&#8221;https:\/\/vestina.eu\/wp-content\/uploads\/2020\/12\/sdsad-01.png&#8221; parallax=&#8221;on&#8221; custom_margin=&#8221;||19px|||&#8221; custom_padding=&#8221;107px||0px|||&#8221;][et_pb_row _builder_version=&#8221;4.7.6&#8243; _module_preset=&#8221;default&#8221;][et_pb_column type=&#8221;4_4&#8243; _builder_version=&#8221;4.7.6&#8243; _module_preset=&#8221;default&#8221;][et_pb_text _builder_version=&#8221;4.7.7&#8243; text_font=&#8221;Cormorant Garamond||||||||&#8221; text_font_size=&#8221;20px&#8221; text_line_height=&#8221;1.8em&#8221; link_font=&#8221;||||||||&#8221; ul_font=&#8221;||||||||&#8221; header_font=&#8221;||||||||&#8221; header_2_font=&#8221;||||||||&#8221; header_3_font=&#8221;Montserrat||||||||&#8221; header_3_text_color=&#8221;#424a4f&#8221; header_3_font_size=&#8221;45px&#8221; header_3_line_height=&#8221;1.5em&#8221; header_4_font=&#8221;||||||||&#8221; header_5_font=&#8221;Poppins|700||on|||||&#8221; header_5_text_color=&#8221;#126f6f&#8221; header_5_letter_spacing=&#8221;15px&#8221; header_5_line_height=&#8221;1.8em&#8221; text_orientation=&#8221;center&#8221; width=&#8221;100%&#8221; max_width_tablet=&#8221;100%&#8221; max_width_phone=&#8221;100%&#8221; max_width_last_edited=&#8221;off|desktop&#8221; module_alignment=&#8221;right&#8221; locked=&#8221;off&#8221;]<\/p>\n<h5>dostava<\/h5>\n<h3><\/h3>\n<p>[\/et_pb_text][\/et_pb_column][\/et_pb_row][\/et_pb_section][et_pb_section fb_built=&#8221;1&#8243; _builder_version=&#8221;4.6.3&#8243; _module_preset=&#8221;default&#8221; custom_margin=&#8221;75px|||||&#8221; custom_padding=&#8221;||0px|||&#8221;][et_pb_row _builder_version=&#8221;4.9.1&#8243; _module_preset=&#8221;default&#8221; width=&#8221;90%&#8221; max_width=&#8221;1428px&#8221; hover_enabled=&#8221;0&#8243; sticky_enabled=&#8221;0&#8243;][et_pb_column type=&#8221;4_4&#8243; _builder_version=&#8221;4.6.3&#8243; _module_preset=&#8221;default&#8221;][et_pb_text _builder_version=&#8221;4.9.1&#8243; _module_preset=&#8221;default&#8221; width=&#8221;91%&#8221; hover_enabled=&#8221;0&#8243; sticky_enabled=&#8221;0&#8243;]<\/p>\n<div>\n<p>Webshop VESTINA trenutno posluje samo na podru\u010dju Republike Slovenije i republike Hrvatske, tako da dostava u druge dr\u017eave \u010dlanice EU i izvan EU u ovom trenutku nije mogu\u0107a. Ako svejedno \u017eelite kupiti u na\u0161oj trgovini, a niste dr\u017eavljan\/-ka Republike Slovenije ili Republike Hrvatske, molimo da nam pi\u0161ete na<span> <\/span><a href=\"mailto: shop@emma.si\">shop@emma.si<\/a>.<\/p>\n<p>Cijena dostave bit \u0107e obra\u010dunata sukladno cjeniku odabranog izvo\u0111a\u010da dostave.<\/p>\n<p>Nakon primljene uplate (osim u slu\u010daju pla\u0107anja \u00bbpouze\u0107em\u00ab) poslat \u0107emo naru\u010dene proizvode u roku od jednog do tri (1 &#8211; 3) radna dana. U slu\u010daju preoptere\u0107enosti pridr\u017eavamo pravo na produ\u017eenje tog roka. Ako naru\u010denih proizvoda trenutno nema na zalihama, EMMA d.o.o. \u0107e na jedan od danih kontakata obavijestiti kupca o predvi\u0111enom datumu dostave.<\/p>\n<p>Tro\u0161kovi slanja bit \u0107e obra\u010dunati prilikom kupovine u webshopu vestina.eu. Niste du\u017eni platiti dodatne tro\u0161kove po\u0161taru ili drugom dostavlja\u010du naru\u010denih proizvoda. Roba \u0107e kupcu biti isporu\u010dena na adresu sukladno pravilima izvo\u0111a\u010da po\u0161tanskih usluga.<\/p>\n<p>Kod osobnog preuzimanja tro\u0161ak dostave ne\u0107e se obra\u010dunati.<\/p>\n<p>&nbsp;<\/p>\n<div>\n<p>U slu\u010daju pla\u0107anja otkupnine bit \u0107e ura\u010dunata i provizija kao tro\u0161ak pla\u0107anja putem UPN naloga. Iznos provizije ovisi o iznosu kupovine. Tro\u0161ak provizije mo\u017ee izbje\u0107i u slu\u010daju pla\u0107anja putem transakcijskog ra\u010duna, platnom karticom ili PayPal-om.<\/p>\n<\/div>\n<\/div>\n<div><\/div>\n<div><\/div>\n<div><\/div>\n<div><\/div>\n<div><\/div>\n<div><\/div>\n<div><\/div>\n<div><\/div>\n<div>\n<p>&nbsp;<\/p>\n<p>&nbsp;<\/p>\n<\/div>\n<p>[\/et_pb_text][\/et_pb_column][\/et_pb_row][\/et_pb_section]<\/p>\n<span class=\"et_bloom_bottom_trigger\"><\/span>","protected":false},"excerpt":{"rendered":"<p>dostava Webshop VESTINA trenutno posluje samo na podru\u010dju Republike Slovenije i republike Hrvatske, tako da dostava u druge dr\u017eave \u010dlanice EU i izvan EU u ovom trenutku nije mogu\u0107a. Ako svejedno \u017eelite kupiti u na\u0161oj trgovini, a niste dr\u017eavljan\/-ka Republike Slovenije ili Republike Hrvatske, molimo da nam pi\u0161ete na shop@emma.si. Cijena dostave bit \u0107e obra\u010dunata [&hellip;]<\/p>\n","protected":false},"author":1,"featured_media":0,"parent":0,"menu_order":0,"comment_status":"closed","ping_status":"closed","template":"","meta":{"_et_pb_use_builder":"on","_et_pb_old_content":"","_et_gb_content_width":"","footnotes":""},"class_list":["post-6130","page","type-page","status-publish","hentry"],"_links":{"self":[{"href":"https:\/\/vestina.eu\/hr\/wp-json\/wp\/v2\/pages\/6130","targetHints":{"allow":["GET"]}}],"collection":[{"href":"https:\/\/vestina.eu\/hr\/wp-json\/wp\/v2\/pages"}],"about":[{"href":"https:\/\/vestina.eu\/hr\/wp-json\/wp\/v2\/types\/page"}],"author":[{"embeddable":true,"href":"https:\/\/vestina.eu\/hr\/wp-json\/wp\/v2\/users\/1"}],"replies":[{"embeddable":true,"href":"https:\/\/vestina.eu\/hr\/wp-json\/wp\/v2\/comments?post=6130"}],"version-history":[{"count":6,"href":"https:\/\/vestina.eu\/hr\/wp-json\/wp\/v2\/pages\/6130\/revisions"}],"predecessor-version":[{"id":7268,"href":"https:\/\/vestina.eu\/hr\/wp-json\/wp\/v2\/pages\/6130\/revisions\/7268"}],"wp:attachment":[{"href":"https:\/\/vestina.eu\/hr\/wp-json\/wp\/v2\/media?parent=6130"}],"curies":[{"name":"wp","href":"https:\/\/api.w.org\/{rel}","templated":true}]}}